{"id":1011,"date":"2024-03-25T13:41:31","date_gmt":"2024-03-25T12:41:31","guid":{"rendered":"https:\/\/vgec.pl\/contact\/"},"modified":"2024-10-23T13:55:20","modified_gmt":"2024-10-23T11:55:20","slug":"contact","status":"publish","type":"page","link":"https:\/\/vgec.pl\/en\/contact\/","title":{"rendered":"Contact"},"content":{"rendered":"\n    <div class=\"page-title wp-block-acf-page-title\">\n\n                        <div class=\"slide\" style=\"background-image: url(https:\/\/vgec.pl\/wp-content\/uploads\/2024\/10\/solar-plant-min-1.png );\">\n                <div class=\"container\">\n                    <span class=\"title\">Contact<\/span>\n                                    <\/div>\n            <\/div>\n    <\/div>\n<div class=\"wp-block-group is-layout-constrained wp-container-core-group-is-layout-0a0347d0 wp-block-group-is-layout-constrained\" style=\"padding-top:5.5rem;padding-right:20px;padding-bottom:5.5rem;padding-left:20px\">\n<div class=\"wp-block-columns is-layout-flex wp-container-core-columns-is-layout-28f84493 wp-block-columns-is-layout-flex\">\n<div class=\"wp-block-column has-background is-layout-flow wp-block-column-is-layout-flow\" style=\"background-color:#f7f7f7;padding-top:3.5rem;padding-right:3.5rem;padding-bottom:3.5rem;padding-left:3.5rem;flex-basis:50%\">\n<div class=\"section-title has-text-align-left wp-block-acf-section-title\">\n    <span class=\"subtitle\">Got questions?<\/span>\n    <h3 class=\"title\">Get in touch!<\/h3><\/div>\n\n\n<div class=\"wp-block-contact-form-7-contact-form-selector\">\n<div class=\"wpcf7 no-js\" id=\"wpcf7-f230-o1\" lang=\"pl-PL\" dir=\"ltr\">\n<div class=\"screen-reader-response\"><p role=\"status\" aria-live=\"polite\" aria-atomic=\"true\"><\/p> <ul><\/ul><\/div>\n<form action=\"\/en\/wp-json\/wp\/v2\/pages\/1011#wpcf7-f230-o1\" method=\"post\" class=\"wpcf7-form init\" aria-label=\"Formularz kontaktowy\" novalidate=\"novalidate\" data-status=\"init\">\n<div style=\"display: none;\">\n<input type=\"hidden\" name=\"_wpcf7\" value=\"230\" \/>\n<input type=\"hidden\" name=\"_wpcf7_version\" value=\"5.9.8\" \/>\n<input type=\"hidden\" name=\"_wpcf7_locale\" value=\"pl_PL\" \/>\n<input type=\"hidden\" name=\"_wpcf7_unit_tag\" value=\"wpcf7-f230-o1\" \/>\n<input type=\"hidden\" name=\"_wpcf7_container_post\" value=\"0\" \/>\n<input type=\"hidden\" name=\"_wpcf7_posted_data_hash\" value=\"\" \/>\n<\/div>\n<p><span class=\"wpcf7-form-control-wrap\" data-name=\"your-name\"><input size=\"40\" maxlength=\"400\" class=\"wpcf7-form-control wpcf7-text wpcf7-validates-as-required\" autocomplete=\"name\" aria-required=\"true\" aria-invalid=\"false\" placeholder=\"Twoje imi\u0119 i nazwisko\" value=\"\" type=\"text\" name=\"your-name\" \/><\/span><br \/>\n<span class=\"wpcf7-form-control-wrap\" data-name=\"your-email\"><input size=\"40\" maxlength=\"400\" class=\"wpcf7-form-control wpcf7-email wpcf7-validates-as-required wpcf7-text wpcf7-validates-as-email\" autocomplete=\"email\" aria-required=\"true\" aria-invalid=\"false\" placeholder=\"Tw\u00f3j adres e-mail\" value=\"\" type=\"email\" name=\"your-email\" \/><\/span><br \/>\n<span class=\"wpcf7-form-control-wrap\" data-name=\"your-message\"><textarea cols=\"40\" rows=\"10\" maxlength=\"2000\" class=\"wpcf7-form-control wpcf7-textarea\" aria-invalid=\"false\" placeholder=\"Twoja wiadomo\u015bci\" name=\"your-message\"><\/textarea><\/span><br \/>\n<span class=\"wpcf7-form-control-wrap\" data-name=\"acceptance\"><span class=\"wpcf7-form-control wpcf7-acceptance\"><span class=\"wpcf7-list-item\"><label><input type=\"checkbox\" name=\"acceptance\" value=\"1\" aria-invalid=\"false\" \/><span class=\"wpcf7-list-item-label\">Wyra\u017cam zgod\u0119 na przetwarzanie moich danych w celu udzielenia odpowiedzi na moje zapytanie.<br>Jednocze\u015bnie akceptuj\u0119 <a href=\"\/polityka-prywatnosci\">Polityk\u0119&nbsp;Prywatno\u015bci.<\/a><\/span><\/label><\/span><\/span><\/span><br \/>\n<button type=\"submit\" class=\"wpcf7-form-control wpcf7-submit btn btn-secondary icon\">Wy\u015blij<\/button>\n<\/p><div class=\"wpcf7-response-output\" aria-hidden=\"true\"><\/div>\n<\/form>\n<\/div>\n<\/div>\n<\/div>\n\n\n\n<div class=\"wp-block-column is-layout-constrained wp-container-core-column-is-layout-3e35fef4 wp-block-column-is-layout-constrained\" style=\"padding-top:var(--wp--preset--spacing--60);padding-bottom:var(--wp--preset--spacing--60);flex-basis:50%\">\n<figure class=\"wp-block-image aligncenter size-full\"><img loading=\"lazy\" decoding=\"async\" width=\"400\" height=\"168\" src=\"https:\/\/vgec.pl\/wp-content\/uploads\/2024\/04\/vgec-logo.png\" alt=\"\" class=\"wp-image-244\" srcset=\"https:\/\/vgec.pl\/wp-content\/uploads\/2024\/04\/vgec-logo.png 400w, https:\/\/vgec.pl\/wp-content\/uploads\/2024\/04\/vgec-logo-300x126.png 300w\" sizes=\"auto, (max-width: 400px) 100vw, 400px\" \/><\/figure>\n\n\n\n<div style=\"height:40px\" aria-hidden=\"true\" class=\"wp-block-spacer\"><\/div>\n\n\n        <ul class=\"icon-list is-style-reversed aligncenter aligncenter is-style-reversed wp-block-acf-icon-list\">\n                            <li>\n                                            <div class=\"icon-wrap\"><img decoding=\"async\" src=\"https:\/\/vgec.pl\/wp-content\/uploads\/2024\/04\/phone-solid.svg\" class=\"attachment-full size-full\" alt=\"\" \/><\/div>\n                                        <div class=\"content\">\n                                                    <span class=\"title\">+48 501 339 022<\/span>\n                            <p class=\"desc\">Phone number<\/p>\n                                            <\/div>\n                <\/li>\n                            <li>\n                                            <div class=\"icon-wrap\"><img decoding=\"async\" src=\"https:\/\/vgec.pl\/wp-content\/uploads\/2024\/04\/envelope-solid.svg\" class=\"attachment-full size-full\" alt=\"\" \/><\/div>\n                                        <div class=\"content\">\n                                                    <span class=\"title\">biuro@vgec.pl<\/span>\n                            <p class=\"desc\">Email<\/p>\n                                            <\/div>\n                <\/li>\n                            <li>\n                                            <div class=\"icon-wrap\"><img decoding=\"async\" src=\"https:\/\/vgec.pl\/wp-content\/uploads\/2024\/04\/location-dot-solid.svg\" class=\"attachment-full size-full\" alt=\"\" \/><\/div>\n                                        <div class=\"content\">\n                                                    <span class=\"title\">Ul. St. Wyspia\u0144skiego 10\/4, 60-749 Pozna\u0144  <\/span>\n                            <p class=\"desc\">Adress<\/p>\n                                            <\/div>\n                <\/li>\n                    <\/ul>\n<\/div>\n<\/div>\n<\/div>\n","protected":false},"excerpt":{"rendered":"","protected":false},"author":1,"featured_media":0,"parent":0,"menu_order":0,"comment_status":"closed","ping_status":"closed","template":"","meta":{"_acf_changed":false,"footnotes":""},"class_list":["post-1011","page","type-page","status-publish","hentry"],"acf":[],"yoast_head":"<!-- This site is optimized with the Yoast SEO plugin v23.7 - https:\/\/yoast.com\/wordpress\/plugins\/seo\/ -->\n<title>Contact - VGE Consulting<\/title>\n<meta name=\"description\" content=\"Reach out to our Pozna\u0144 team regarding renewable energy projects, energy storage systems, and solar farms. We serve clients all over Poland!\" \/>\n<meta name=\"robots\" content=\"index, follow, max-snippet:-1, max-image-preview:large, max-video-preview:-1\" \/>\n<link rel=\"canonical\" href=\"https:\/\/vgec.pl\/en\/contact\/\" \/>\n<meta property=\"og:locale\" content=\"en_US\" \/>\n<meta property=\"og:type\" content=\"article\" \/>\n<meta property=\"og:title\" content=\"Contact - VGE Consulting\" \/>\n<meta property=\"og:description\" content=\"Reach out to our Pozna\u0144 team regarding renewable energy projects, energy storage systems, and solar farms. We serve clients all over Poland!\" \/>\n<meta property=\"og:url\" content=\"https:\/\/vgec.pl\/en\/contact\/\" \/>\n<meta property=\"og:site_name\" content=\"VGE Consulting\" \/>\n<meta property=\"article:modified_time\" content=\"2024-10-23T11:55:20+00:00\" \/>\n<meta property=\"og:image\" content=\"https:\/\/vgec.pl\/wp-content\/uploads\/2024\/04\/vgec-logo.png\" \/>\n\t<meta property=\"og:image:width\" content=\"400\" \/>\n\t<meta property=\"og:image:height\" content=\"168\" \/>\n\t<meta property=\"og:image:type\" content=\"image\/png\" \/>\n<meta name=\"twitter:card\" content=\"summary_large_image\" \/>\n<script type=\"application\/ld+json\" class=\"yoast-schema-graph\">{\"@context\":\"https:\/\/schema.org\",\"@graph\":[{\"@type\":\"WebPage\",\"@id\":\"https:\/\/vgec.pl\/en\/contact\/\",\"url\":\"https:\/\/vgec.pl\/en\/contact\/\",\"name\":\"Contact - VGE Consulting\",\"isPartOf\":{\"@id\":\"https:\/\/vgec.pl\/#website\"},\"primaryImageOfPage\":{\"@id\":\"https:\/\/vgec.pl\/en\/contact\/#primaryimage\"},\"image\":{\"@id\":\"https:\/\/vgec.pl\/en\/contact\/#primaryimage\"},\"thumbnailUrl\":\"https:\/\/vgec.pl\/wp-content\/uploads\/2024\/04\/vgec-logo.png\",\"datePublished\":\"2024-03-25T12:41:31+00:00\",\"dateModified\":\"2024-10-23T11:55:20+00:00\",\"description\":\"Reach out to our Pozna\u0144 team regarding renewable energy projects, energy storage systems, and solar farms. We serve clients all over Poland!\",\"breadcrumb\":{\"@id\":\"https:\/\/vgec.pl\/en\/contact\/#breadcrumb\"},\"inLanguage\":\"en-US\",\"potentialAction\":[{\"@type\":\"ReadAction\",\"target\":[\"https:\/\/vgec.pl\/en\/contact\/\"]}]},{\"@type\":\"ImageObject\",\"inLanguage\":\"en-US\",\"@id\":\"https:\/\/vgec.pl\/en\/contact\/#primaryimage\",\"url\":\"https:\/\/vgec.pl\/wp-content\/uploads\/2024\/04\/vgec-logo.png\",\"contentUrl\":\"https:\/\/vgec.pl\/wp-content\/uploads\/2024\/04\/vgec-logo.png\"},{\"@type\":\"BreadcrumbList\",\"@id\":\"https:\/\/vgec.pl\/en\/contact\/#breadcrumb\",\"itemListElement\":[{\"@type\":\"ListItem\",\"position\":1,\"name\":\"Strona g\u0142\u00f3wna\",\"item\":\"https:\/\/vgec.pl\/en\/home\/\"},{\"@type\":\"ListItem\",\"position\":2,\"name\":\"Contact\"}]},{\"@type\":\"WebSite\",\"@id\":\"https:\/\/vgec.pl\/#website\",\"url\":\"https:\/\/vgec.pl\/\",\"name\":\"VGE Consulting \u2013 Efektywne Zarz\u0105dzanie Energi\u0105\",\"description\":\"\",\"publisher\":{\"@id\":\"https:\/\/vgec.pl\/#organization\"},\"potentialAction\":[{\"@type\":\"SearchAction\",\"target\":{\"@type\":\"EntryPoint\",\"urlTemplate\":\"https:\/\/vgec.pl\/?s={search_term_string}\"},\"query-input\":{\"@type\":\"PropertyValueSpecification\",\"valueRequired\":true,\"valueName\":\"search_term_string\"}}],\"inLanguage\":\"en-US\"},{\"@type\":\"Organization\",\"@id\":\"https:\/\/vgec.pl\/#organization\",\"name\":\"VGE Consulting\",\"url\":\"https:\/\/vgec.pl\/\",\"logo\":{\"@type\":\"ImageObject\",\"inLanguage\":\"en-US\",\"@id\":\"https:\/\/vgec.pl\/#\/schema\/logo\/image\/\",\"url\":\"https:\/\/vgec.pl\/wp-content\/uploads\/2024\/04\/vgec-logo.png\",\"contentUrl\":\"https:\/\/vgec.pl\/wp-content\/uploads\/2024\/04\/vgec-logo.png\",\"width\":400,\"height\":168,\"caption\":\"VGE Consulting\"},\"image\":{\"@id\":\"https:\/\/vgec.pl\/#\/schema\/logo\/image\/\"}}]}<\/script>\n<!-- \/ Yoast SEO plugin. -->","yoast_head_json":{"title":"Contact - VGE Consulting","description":"Reach out to our Pozna\u0144 team regarding renewable energy projects, energy storage systems, and solar farms. We serve clients all over Poland!","robots":{"index":"index","follow":"follow","max-snippet":"max-snippet:-1","max-image-preview":"max-image-preview:large","max-video-preview":"max-video-preview:-1"},"canonical":"https:\/\/vgec.pl\/en\/contact\/","og_locale":"en_US","og_type":"article","og_title":"Contact - VGE Consulting","og_description":"Reach out to our Pozna\u0144 team regarding renewable energy projects, energy storage systems, and solar farms. We serve clients all over Poland!","og_url":"https:\/\/vgec.pl\/en\/contact\/","og_site_name":"VGE Consulting","article_modified_time":"2024-10-23T11:55:20+00:00","og_image":[{"width":400,"height":168,"url":"https:\/\/vgec.pl\/wp-content\/uploads\/2024\/04\/vgec-logo.png","type":"image\/png"}],"twitter_card":"summary_large_image","schema":{"@context":"https:\/\/schema.org","@graph":[{"@type":"WebPage","@id":"https:\/\/vgec.pl\/en\/contact\/","url":"https:\/\/vgec.pl\/en\/contact\/","name":"Contact - VGE Consulting","isPartOf":{"@id":"https:\/\/vgec.pl\/#website"},"primaryImageOfPage":{"@id":"https:\/\/vgec.pl\/en\/contact\/#primaryimage"},"image":{"@id":"https:\/\/vgec.pl\/en\/contact\/#primaryimage"},"thumbnailUrl":"https:\/\/vgec.pl\/wp-content\/uploads\/2024\/04\/vgec-logo.png","datePublished":"2024-03-25T12:41:31+00:00","dateModified":"2024-10-23T11:55:20+00:00","description":"Reach out to our Pozna\u0144 team regarding renewable energy projects, energy storage systems, and solar farms. We serve clients all over Poland!","breadcrumb":{"@id":"https:\/\/vgec.pl\/en\/contact\/#breadcrumb"},"inLanguage":"en-US","potentialAction":[{"@type":"ReadAction","target":["https:\/\/vgec.pl\/en\/contact\/"]}]},{"@type":"ImageObject","inLanguage":"en-US","@id":"https:\/\/vgec.pl\/en\/contact\/#primaryimage","url":"https:\/\/vgec.pl\/wp-content\/uploads\/2024\/04\/vgec-logo.png","contentUrl":"https:\/\/vgec.pl\/wp-content\/uploads\/2024\/04\/vgec-logo.png"},{"@type":"BreadcrumbList","@id":"https:\/\/vgec.pl\/en\/contact\/#breadcrumb","itemListElement":[{"@type":"ListItem","position":1,"name":"Strona g\u0142\u00f3wna","item":"https:\/\/vgec.pl\/en\/home\/"},{"@type":"ListItem","position":2,"name":"Contact"}]},{"@type":"WebSite","@id":"https:\/\/vgec.pl\/#website","url":"https:\/\/vgec.pl\/","name":"VGE Consulting \u2013 Efektywne Zarz\u0105dzanie Energi\u0105","description":"","publisher":{"@id":"https:\/\/vgec.pl\/#organization"},"potentialAction":[{"@type":"SearchAction","target":{"@type":"EntryPoint","urlTemplate":"https:\/\/vgec.pl\/?s={search_term_string}"},"query-input":{"@type":"PropertyValueSpecification","valueRequired":true,"valueName":"search_term_string"}}],"inLanguage":"en-US"},{"@type":"Organization","@id":"https:\/\/vgec.pl\/#organization","name":"VGE Consulting","url":"https:\/\/vgec.pl\/","logo":{"@type":"ImageObject","inLanguage":"en-US","@id":"https:\/\/vgec.pl\/#\/schema\/logo\/image\/","url":"https:\/\/vgec.pl\/wp-content\/uploads\/2024\/04\/vgec-logo.png","contentUrl":"https:\/\/vgec.pl\/wp-content\/uploads\/2024\/04\/vgec-logo.png","width":400,"height":168,"caption":"VGE Consulting"},"image":{"@id":"https:\/\/vgec.pl\/#\/schema\/logo\/image\/"}}]}},"_links":{"self":[{"href":"https:\/\/vgec.pl\/en\/wp-json\/wp\/v2\/pages\/1011","targetHints":{"allow":["GET"]}}],"collection":[{"href":"https:\/\/vgec.pl\/en\/wp-json\/wp\/v2\/pages"}],"about":[{"href":"https:\/\/vgec.pl\/en\/wp-json\/wp\/v2\/types\/page"}],"author":[{"embeddable":true,"href":"https:\/\/vgec.pl\/en\/wp-json\/wp\/v2\/users\/1"}],"replies":[{"embeddable":true,"href":"https:\/\/vgec.pl\/en\/wp-json\/wp\/v2\/comments?post=1011"}],"version-history":[{"count":1,"href":"https:\/\/vgec.pl\/en\/wp-json\/wp\/v2\/pages\/1011\/revisions"}],"predecessor-version":[{"id":1012,"href":"https:\/\/vgec.pl\/en\/wp-json\/wp\/v2\/pages\/1011\/revisions\/1012"}],"wp:attachment":[{"href":"https:\/\/vgec.pl\/en\/wp-json\/wp\/v2\/media?parent=1011"}],"curies":[{"name":"wp","href":"https:\/\/api.w.org\/{rel}","templated":true}]}}